{"id":2,"date":"2017-09-11T07:43:21","date_gmt":"2017-09-11T05:43:21","guid":{"rendered":"http:\/\/quanteo-group.com\/?page_id=2"},"modified":"2026-01-28T12:19:35","modified_gmt":"2026-01-28T11:19:35","slug":"page-d-exemple","status":"publish","type":"page","link":"https:\/\/quanteo-group.com\/","title":{"rendered":"Accueil"},"content":{"rendered":"<div>\n<p><img decoding=\"async\" loading=\"lazy\" class=\"wp-image-8 aligncenter\" src=\"http:\/\/quanteo-group.com\/wp-content\/uploads\/2017\/09\/cropped-Quanteo_logo-rectangle-150x150.png\" alt=\"\" width=\"100\" height=\"100\" srcset=\"https:\/\/quanteo-group.com\/wp-content\/uploads\/2017\/09\/cropped-Quanteo_logo-rectangle-150x150.png 150w, https:\/\/quanteo-group.com\/wp-content\/uploads\/2017\/09\/cropped-Quanteo_logo-rectangle-300x300.png 300w, https:\/\/quanteo-group.com\/wp-content\/uploads\/2017\/09\/cropped-Quanteo_logo-rectangle-270x270.png 270w, https:\/\/quanteo-group.com\/wp-content\/uploads\/2017\/09\/cropped-Quanteo_logo-rectangle-192x192.png 192w, https:\/\/quanteo-group.com\/wp-content\/uploads\/2017\/09\/cropped-Quanteo_logo-rectangle-180x180.png 180w, https:\/\/quanteo-group.com\/wp-content\/uploads\/2017\/09\/cropped-Quanteo_logo-rectangle-32x32.png 32w, https:\/\/quanteo-group.com\/wp-content\/uploads\/2017\/09\/cropped-Quanteo_logo-rectangle.png 512w\" sizes=\"(max-width: 100px) 100vw, 100px\" \/><\/p>\n<h2 class=\"light-section-heading\" style=\"text-align: center;\"><a id=\"leader\"><\/a>Un leader mondial global<\/h2>\n<div class=\"section-sub-heading\" style=\"text-align: center;\"><div class=\"row\"><div class=\"col-md-2\"> <\/div><div class=\"col-md-8\">Avec <strong>Eco-Compteur<\/strong>, leader mondial du comptage des pi\u00e9tons et cyclistes, et <strong>Quantaflow,<\/strong> leader du comptage dans les centres commerciaux, le Groupe Quanteo est l\u2019un des tous premiers acteurs mondiaux du comptage des personnes. Le groupe dispose d\u2019une capacit\u00e9 exceptionnelle \u00e0 r\u00e9pondre \u00e0 des probl\u00e8mes de comptage de personnes vari\u00e9s au travers d\u2019expertises et de technologies uniques au monde.<\/div><\/div><\/div>\n<\/div>\n<div class=\"container center-images-enabled\" data-czr-model_id=\"featured_pages\" data-czr-template=\"templates\/parts\/modules\/featured-pages\/featured_pages\">\n<div class=\"row fp-widget-area\" style=\"margin-bottom: 0px;\" role=\"complementary\" data-czr-model_id=\"featured_page\" data-czr-template=\"templates\/parts\/modules\/featured-pages\/featured_page\">\n<div class=\"col-12 col-md-6 fp-one\">\n<div class=\"widget-front czr-link-mask-p round\" data-czr-model_id=\"featured_page\" data-czr-template=\"templates\/parts\/modules\/featured-pages\/featured_page\">\n<div class=\"tc-thumbnail czr-thumb-wrapper czr__r-wTCT tc-holder\"><a href=\"https:\/\/www.eco-compteur.com\"><img decoding=\"async\" loading=\"lazy\" class=\"logos-qfleco alignnone wp-image-409 size-full\" src=\"http:\/\/quanteo-group.com\/wp-content\/uploads\/2019\/04\/ECO-COUNTER.png\" alt=\"\" width=\"270\" height=\"250\" \/><\/a><\/div>\n<\/div>\n<\/div>\n<div class=\"col-12 col-md-6 fp-two\">\n<div class=\"widget-front czr-link-mask-p round\" data-czr-model_id=\"featured_page\" data-czr-template=\"templates\/parts\/modules\/featured-pages\/featured_page\">\n<div class=\"tc-thumbnail czr-thumb-wrapper czr__r-wTCT tc-holder\"><img decoding=\"async\" loading=\"lazy\" id=\"quantaflow\" class=\"logos-qfleco alignnone wp-image-455 size-full\" src=\"http:\/\/quanteo-group.com\/wp-content\/uploads\/2026\/01\/quantaflow_sqaure.png\" alt=\"\" width=\"270\" height=\"250\" \/><\/div>\n<\/div>\n<\/div>\n<\/div>\n<\/div>\n<div>\n<p><a id=\"technologies\"><\/a><img decoding=\"async\" loading=\"lazy\" class=\"logo-msct wp-image-153 size-full aligncenter\" src=\"http:\/\/quanteo-group.com\/wp-content\/uploads\/2017\/09\/PORTEFEUILLE-ORANGE.png\" alt=\"\" width=\"150\" height=\"150\" \/><\/p>\n<h2 style=\"text-align: center;\">Un portefeuille de technologies uniques<\/h2>\n<div style=\"text-align: center;\">\n<div class=\"row\"><div class=\"col-md-2\"><\/div><div class=\"col-md-8\">Du capteur au logiciel d\u2019exploitation des donn\u00e9es en passant par la transmission et le stockage des comptages, les entreprises du groupe disposent d\u2019une vari\u00e9t\u00e9 de technologies d\u00e9velopp\u00e9es en interne uniques sur le march\u00e9. Les \u00e9quipes de R&amp;D pluridisciplinaires repoussent chaque jour les limites de ce qui est techniquement possible pour compter les personnes.<\/div><\/div>\n<\/div>\n<\/div>\n<div><\/div>\n<div>\n<div>\r\n\r\n<section id=\"parallax_94\" class=\"adamrob_parallax  \" style=\"height:400px; background-image: url(https:\/\/quanteo-group.com\/wp-content\/uploads\/2017\/10\/Eco-compteur-HD-61.jpg); background-size: cover;\" speed=\"10\">\r\n\r\n\r\n\t<div id=\"parallax_94_content\" class=\"adamrob_pcontainer\" style=\"height:400px;\">\r\n\r\n\r\n\t\t<table style=\"width:100%; height:100%; border-style:none; margin:0;\">\r\n\t\t\t<tr>\r\n\t\t\t\t<td class=\"parallax-header\" style=\"text-align:left; vertical-align:top; padding:20px; border-style:none;\">\r\n\t\t\t\t\t<div id=\"parallax_94_posttitle\" class=\"adamrob_parallax_posttitle\" style=\"\">\r\n\t\t\t\t\t\tDes technologies\t\t\t\t\t<\/div>\r\n\t\t\t\t<\/td>\r\n\t\t\t<\/tr>\r\n\t\t<\/table>\r\n\r\n\t\r\n\r\n\t<\/div>\r\n\r\n<\/section>\r\n\t\r\n\t<\/div>\n<div>\n<div class=\"text-center section-heading\">\n<h2><a id=\"personnes\"><\/a><img decoding=\"async\" loading=\"lazy\" class=\"aligncenter wp-image-151 size-full\" src=\"http:\/\/quanteo-group.com\/wp-content\/uploads\/2017\/09\/PERSONNES-ORANGE.png\" alt=\"\" width=\"150\" height=\"150\" \/><\/h2>\n<h2 class=\"light-section-heading\" style=\"text-align: center;\">Des personnes qui comptent !<\/h2>\n<div style=\"text-align: center;\">\n<div class=\"row\"><div class=\"col-md-2\"> <\/div><div class=\"col-md-8\">Le groupe a d\u00e9velopp\u00e9 une culture RH sp\u00e9cifique destin\u00e9e \u00e0 permettre un \u00e9panouissement personnel de chacun. L\u2019autonomie r\u00e9elle et la responsabilisation de chacun sont la cl\u00e9 de l\u2019organisation. Avant que le concept ne soit popularis\u00e9, le fonctionnement en entreprise lib\u00e9r\u00e9e \u00e9tait d\u00e9j\u00e0 mis en \u0153uvre. Actuellement une partie du groupe exp\u00e9rimente Holacracy afin d\u2019aller encore plus loin !<\/div><\/div>\n<\/div>\n<div><\/div>\n<div>\r\n\r\n<section id=\"parallax_268\" class=\"adamrob_parallax  \" style=\"height:400px; background-image: url(https:\/\/quanteo-group.com\/wp-content\/uploads\/2018\/02\/Groupe_Quanteo-2BW.jpg); background-size: cover;\" speed=\"10\">\r\n\r\n\r\n\t<div id=\"parallax_268_content\" class=\"adamrob_pcontainer\" style=\"height:400px;\">\r\n\r\n\r\n\t\t<table style=\"width:100%; height:100%; border-style:none; margin:0;\">\r\n\t\t\t<tr>\r\n\t\t\t\t<td class=\"parallax-header\" style=\"text-align:left; vertical-align:top; padding:20px; border-style:none;\">\r\n\t\t\t\t\t<div id=\"parallax_268_posttitle\" class=\"adamrob_parallax_posttitle\" style=\"\">\r\n\t\t\t\t\t\tDes personnes qui comptent\t\t\t\t\t<\/div>\r\n\t\t\t\t<\/td>\r\n\t\t\t<\/tr>\r\n\t\t<\/table>\r\n\r\n\t\r\n\r\n\t<\/div>\r\n\r\n<\/section>\r\n\t\r\n\t<\/div>\n<div>\n<div class=\"text-center section-heading\">\n<h2><a id=\"performances\"><\/a><img decoding=\"async\" loading=\"lazy\" class=\"logo-msct aligncenter wp-image-149 size-full\" src=\"http:\/\/quanteo-group.com\/wp-content\/uploads\/2017\/09\/PERFORMANCES-ORANGE.png\" alt=\"\" width=\"150\" height=\"150\" \/><\/h2>\n<h2 class=\"light-section-heading\" style=\"text-align: center;\">Des performances financi\u00e8res dans la dur\u00e9e<\/h2>\n<div style=\"text-align: center;\">\n<div class=\"row\"><div class=\"col-md-2\"> <\/div><div class=\"col-md-8\">Le groupe a d\u00e9velopp\u00e9 une communication financi\u00e8re transparente et r\u00e9guli\u00e8re vis-\u00e0-vis des \u00e9quipes et des partenaires financiers. Les r\u00e9sultats financiers et les moyens de gestion, gr\u00e2ce \u00e0 des \u00e9quipes performantes et un syst\u00e8me d\u2019information de haut niveau permettent \u00e0 l\u2019entreprise d\u2019anticiper les futures \u00e9tapes de son d\u00e9veloppement financier. 20% de croissance et plus de 5% de r\u00e9sultat net dans la dur\u00e9e sont des objectifs tr\u00e8s r\u00e9guli\u00e8rement atteints.<\/div><\/div>\n<\/div>\n<div>\r\n\r\n<section id=\"parallax_320\" class=\"adamrob_parallax  \" style=\"height:400px; background-image: url(https:\/\/quanteo-group.com\/wp-content\/uploads\/2018\/03\/finance.jpeg); background-size: cover;\" speed=\"0\">\r\n\r\n\r\n\t<div id=\"parallax_320_content\" class=\"adamrob_pcontainer\" style=\"height:400px;\">\r\n\r\n\r\n\t\t<table style=\"width:100%; height:100%; border-style:none; margin:0;\">\r\n\t\t\t<tr>\r\n\t\t\t\t<td class=\"parallax-header\" style=\"text-align:left; vertical-align:top; padding:20px; border-style:none;\">\r\n\t\t\t\t\t<div id=\"parallax_320_posttitle\" class=\"adamrob_parallax_posttitle\" style=\"\">\r\n\t\t\t\t\t\tDes performances financi\u00e8res\t\t\t\t\t<\/div>\r\n\t\t\t\t<\/td>\r\n\t\t\t<\/tr>\r\n\t\t<\/table>\r\n\r\n\t\r\n\r\n\t<\/div>\r\n\r\n<\/section>\r\n\t\r\n\t<\/div>\n<div>\n<h2><a id=\"international\"><\/a><img decoding=\"async\" loading=\"lazy\" class=\"logo-msct aligncenter wp-image-155 size-full\" src=\"http:\/\/quanteo-group.com\/wp-content\/uploads\/2017\/09\/PRESENCE_ORANGE.png\" alt=\"\" width=\"150\" height=\"150\" \/><\/h2>\n<h2 class=\"light-section-heading\" style=\"text-align: center;\">Des clients dans 53 pays<\/h2>\n<div style=\"text-align: center;\">\n<div class=\"row\"><div class=\"col-md-2\"> <\/div><div class=\"col-md-8\">Chaque client est important dans le groupe. Cela a permis de collaborer dans la dur\u00e9e avec de nombreux clients, parmi les plus prestigieux : Mont-Saint-Michel, Forum des Halles, villes de New York et San Francisco, Gardens by the Bay \u00e0 Singapour, Unibail Rodamco, Groupe Auchan dans plusieurs pays, Chemins de Saint-Jacques-de-Compostelle, centre-ville de Vancouver\u2026 Ce ne sont que quelques exemples des 5 000 clients que le groupe a le plaisir de servir chaque jour.<\/div><\/div>\n<\/div>\n<div>\r\n\r\n<section id=\"parallax_275\" class=\"adamrob_parallax  \" style=\"height:400px; background-image: url(https:\/\/quanteo-group.com\/wp-content\/uploads\/2018\/03\/carte-quanteo.jpg); background-size: cover;\" speed=\"0\">\r\n\r\n\r\n\t<div id=\"parallax_275_content\" class=\"adamrob_pcontainer\" style=\"height:400px;\">\r\n\r\n\r\n\t\t<table style=\"width:100%; height:100%; border-style:none; margin:0;\">\r\n\t\t\t<tr>\r\n\t\t\t\t<td class=\"parallax-header\" style=\"text-align:left; vertical-align:top; padding:20px; border-style:none;\">\r\n\t\t\t\t\t<div id=\"parallax_275_posttitle\" class=\"adamrob_parallax_posttitle\" style=\"\">\r\n\t\t\t\t\t\tCarte monde\t\t\t\t\t<\/div>\r\n\t\t\t\t<\/td>\r\n\t\t\t<\/tr>\r\n\t\t<\/table>\r\n\r\n\t\r\n\r\n\t<\/div>\r\n\r\n<\/section>\r\n\t\r\n\t<\/div>\n<div>\n<h2><a id=\"contacts\"><\/a><img decoding=\"async\" loading=\"lazy\" class=\"wp-image-8 aligncenter logo-msct\" src=\"http:\/\/quanteo-group.com\/wp-content\/uploads\/2017\/09\/cropped-Quanteo_logo-rectangle-150x150.png\" alt=\"\" width=\"100\" height=\"100\" srcset=\"https:\/\/quanteo-group.com\/wp-content\/uploads\/2017\/09\/cropped-Quanteo_logo-rectangle-150x150.png 150w, https:\/\/quanteo-group.com\/wp-content\/uploads\/2017\/09\/cropped-Quanteo_logo-rectangle-300x300.png 300w, https:\/\/quanteo-group.com\/wp-content\/uploads\/2017\/09\/cropped-Quanteo_logo-rectangle-270x270.png 270w, https:\/\/quanteo-group.com\/wp-content\/uploads\/2017\/09\/cropped-Quanteo_logo-rectangle-192x192.png 192w, https:\/\/quanteo-group.com\/wp-content\/uploads\/2017\/09\/cropped-Quanteo_logo-rectangle-180x180.png 180w, https:\/\/quanteo-group.com\/wp-content\/uploads\/2017\/09\/cropped-Quanteo_logo-rectangle-32x32.png 32w, https:\/\/quanteo-group.com\/wp-content\/uploads\/2017\/09\/cropped-Quanteo_logo-rectangle.png 512w\" sizes=\"(max-width: 100px) 100vw, 100px\" \/><\/h2>\n<h2 class=\"light-section-heading\" style=\"text-align: center;\">Contacts<\/h2>\n<div style=\"text-align: center;\"><\/div>\n<div class=\"row align-center\">\n<div class=\"col-sm-3\" style=\"text-align: center;\">\n<p><a href=\"mailto:christophe.milon@inventix.fr\"><img decoding=\"async\" loading=\"lazy\" src=\"http:\/\/quanteo-group.com\/wp-content\/uploads\/2018\/03\/christophe.jpg\" alt=\"Christophe Milon, Pr\u00e9sident\" width=\"150\" height=\"150\" \/><\/a><\/p>\n<div class=\"member-name\"><a href=\"mailto:christophe.milon@quanteo-group.com\"><strong>Christophe Milon<\/strong><\/a><br \/>\nPr\u00e9sident<\/div>\n<div class=\"description\"><\/div>\n<\/div>\n<div class=\"col-sm-3\" style=\"text-align: center;\">\n<p><a href=\"mailto:franck.hogie@eco-compteur.com\"><img decoding=\"async\" loading=\"lazy\" class=\"alignnone\" src=\"http:\/\/quanteo-group.com\/wp-content\/uploads\/2018\/03\/franck.jpg\" alt=\"Franck Hogie, CFO\" width=\"150\" height=\"150\" \/><\/a><\/p>\n<div class=\"member-name\"><a href=\"mailto:franck.hogie@quanteo-group.com\"><strong>Franck Hogie<\/strong><\/a><br \/>\nCFO<\/div>\n<div class=\"description\"><\/div>\n<\/div>\n<div class=\"col-sm-3\" style=\"text-align: center;\">\n<p><a href=\"mailto:benoit.devictor@quanteo-group.com\"><img decoding=\"async\" loading=\"lazy\" class=\"alignnone wp-image-423 size-full\" src=\"http:\/\/quanteo-group.com\/wp-content\/uploads\/2021\/05\/Benoit-Devictor-e1620649332303.jpg\" alt=\"\" width=\"150\" height=\"154\" \/><\/a><\/p>\n<div class=\"member-name\"><a href=\"mailto:benoit.devictor@quanteo-group.com\"><strong>Benoit Devictor<\/strong><\/a><br \/>\nDirecteur RH<\/div>\n<div class=\"description\"><\/div>\n<\/div>\n<div class=\"col-sm-3\">\n<p style=\"text-align: center;\"><a href=\"mailto:ed@eco-compteur.com\"><img decoding=\"async\" loading=\"lazy\" class=\"alignnone\" src=\"http:\/\/quanteo-group.com\/wp-content\/uploads\/2018\/02\/enrico.jpg\" alt=\"Enrico Durbano, Directeur Eco-Compteur\" width=\"150\" height=\"150\" \/><\/a><\/p>\n<div class=\"member-name\" style=\"text-align: center;\"><a href=\"mailto:ed@eco-compteur.com\"><strong>Enrico Durbano<\/strong><\/a><br \/>\nDirecteur Eco-Compteur<\/div>\n<\/div>\n<\/div>\n<div class=\"row\">\n<div class=\"col-sm-3\" style=\"text-align: center;\">\n<div class=\"description\"><\/div>\n<\/div>\n<div class=\"col-sm-3\">\n<p style=\"text-align: center;\"><img decoding=\"async\" loading=\"lazy\" class=\"alignnone wp-image-444 size-full\" src=\"http:\/\/quanteo-group.com\/wp-content\/uploads\/2022\/12\/theude.png\" alt=\"\" width=\"150\" height=\"150\" \/><\/p>\n<div class=\"member-name\" style=\"text-align: center;\"><a href=\"mailto:t.heude@quantaflow.com\"><strong>Thierry Heude<\/strong><\/a><br \/>\nDirecteur Quantaflow<\/div>\n<\/div>\n<\/div>\n<\/div>\n<\/div>\n<\/div>\n<\/div>\n<\/div>\n<\/div>\n<\/div>\n","protected":false},"excerpt":{"rendered":"<p>Un leader mondial global Un portefeuille de technologies uniques Des personnes qui comptent ! Des performances financi\u00e8res dans la dur\u00e9e Des clients dans 53 pays Contacts Christophe Milon Pr\u00e9sident Franck Hogie CFO Benoit Devictor Directeur RH Enrico Durbano Directeur Eco-Compteur Thierry Heude Directeur Quantaflow<\/p>\n","protected":false},"author":1,"featured_media":0,"parent":0,"menu_order":0,"comment_status":"closed","ping_status":"open","template":"","meta":[],"_links":{"self":[{"href":"https:\/\/quanteo-group.com\/index.php\/wp-json\/wp\/v2\/pages\/2"}],"collection":[{"href":"https:\/\/quanteo-group.com\/index.php\/wp-json\/wp\/v2\/pages"}],"about":[{"href":"https:\/\/quanteo-group.com\/index.php\/wp-json\/wp\/v2\/types\/page"}],"author":[{"embeddable":true,"href":"https:\/\/quanteo-group.com\/index.php\/wp-json\/wp\/v2\/users\/1"}],"replies":[{"embeddable":true,"href":"https:\/\/quanteo-group.com\/index.php\/wp-json\/wp\/v2\/comments?post=2"}],"version-history":[{"count":203,"href":"https:\/\/quanteo-group.com\/index.php\/wp-json\/wp\/v2\/pages\/2\/revisions"}],"predecessor-version":[{"id":456,"href":"https:\/\/quanteo-group.com\/index.php\/wp-json\/wp\/v2\/pages\/2\/revisions\/456"}],"wp:attachment":[{"href":"https:\/\/quanteo-group.com\/index.php\/wp-json\/wp\/v2\/media?parent=2"}],"curies":[{"name":"wp","href":"https:\/\/api.w.org\/{rel}","templated":true}]}}